{"id":3300,"date":"2020-06-22T10:19:56","date_gmt":"2020-06-22T10:19:56","guid":{"rendered":"https:\/\/blue-rentacar.com\/ana-sayfa\/"},"modified":"2024-04-04T11:17:54","modified_gmt":"2024-04-04T11:17:54","slug":"ana-sayfa","status":"publish","type":"page","link":"https:\/\/blue-rentacar.com\/tr\/","title":{"rendered":"Ana Sayfa"},"content":{"rendered":"<div class=\"wpb-content-wrapper\"><p>[vc_row full_width=&#8221;stretch_row&#8221; slider_bg=&#8221;yes&#8221; slider_images=&#8221;3251,3252,3253&#8243;][vc_column][vc_row_inner][vc_column_inner width=&#8221;5\/12&#8243;]<div id=\"search640863\" class=\"vc_custom_1591132053376 wpb_animate_when_almost_visible wpb_fadeInDown fadeInDown\">    <form id=\"formElem\" name=\"formElem\" action=\"https:\/\/blue-rentacar.com\/tr\/rezervasyon-sureci\/\" method=\"post\">\r\n\r\n        <div class=\"row search_form_row step1 vertical\" id=\"search_form\">\r\n            <div class=\"col-12\">\r\n                <span class=\"form_title\">Araba al Bilgilendirme<\/span>\r\n                                                            <select name=\"pickup_location_id\" class=\"pickup-location home-select\">\r\n                            <option value=\"0\" selected=\"selected\">Araban\u0131n Al\u0131naca\u011f\u0131 \u015fehir ve Konum:<\/option><option value=\"2\">1. Bodrum Milas Airport [BJV]<\/option><option value=\"3\">2. Bodrum Downtown [BDR]<\/option><option value=\"4\">3. Dalaman Airport [DLM]<\/option><option value=\"5\">4. Didim - Akb\u00fck<\/option><option value=\"6\">5. \u0130zmir Adnan Menderes Airport [ADB]<\/option>                        <\/select>\r\n                                                                        <div class=\"row\">\r\n                        <div class=\"col-7 date top_margin\">\r\n                                                            <input type=\"text\" name=\"pickup_date\"\r\n                                       value=\"Tarih:\"\r\n                                       placeholder=\"Tarih:\"\r\n                                       class=\"pickup-date\"\r\n                                       readonly=\"readonly\" AUTOCOMPLETE=\"off\"\/>\r\n                                                    <\/div>\r\n                        <div class=\"col-5 time top_margin\">\r\n                                                            <select class=\"d-none\" id=\"pickup_time_select\">\r\n                                    <option value=\"00:00:00\">00:00<\/option><option value=\"00:30:00\">00:30<\/option><option value=\"01:00:00\">01:00<\/option><option value=\"01:30:00\">01:30<\/option><option value=\"02:00:00\">02:00<\/option><option value=\"02:30:00\">02:30<\/option><option value=\"03:00:00\">03:00<\/option><option value=\"03:30:00\">03:30<\/option><option value=\"04:00:00\">04:00<\/option><option value=\"04:30:00\">04:30<\/option><option value=\"05:00:00\">05:00<\/option><option value=\"05:30:00\">05:30<\/option><option value=\"06:00:00\">06:00<\/option><option value=\"06:30:00\">06:30<\/option><option value=\"07:00:00\">07:00<\/option><option value=\"07:30:00\">07:30<\/option><option value=\"08:00:00\">08:00<\/option><option value=\"08:30:00\">08:30<\/option><option value=\"09:00:00\">09:00<\/option><option value=\"09:30:00\">09:30<\/option><option value=\"10:00:00\">10:00<\/option><option value=\"10:30:00\">10:30<\/option><option value=\"11:00:00\">11:00<\/option><option value=\"11:30:00\">11:30<\/option><option value=\"12:00:00\" selected=\"selected\">12:00<\/option><option value=\"12:30:00\">12:30<\/option><option value=\"13:00:00\">13:00<\/option><option value=\"13:30:00\">13:30<\/option><option value=\"14:00:00\">14:00<\/option><option value=\"14:30:00\">14:30<\/option><option value=\"15:00:00\">15:00<\/option><option value=\"15:30:00\">15:30<\/option><option value=\"16:00:00\">16:00<\/option><option value=\"16:30:00\">16:30<\/option><option value=\"17:00:00\">17:00<\/option><option value=\"17:30:00\">17:30<\/option><option value=\"18:00:00\">18:00<\/option><option value=\"18:30:00\">18:30<\/option><option value=\"19:00:00\">19:00<\/option><option value=\"19:30:00\">19:30<\/option><option value=\"20:00:00\">20:00<\/option><option value=\"20:30:00\">20:30<\/option><option value=\"21:00:00\">21:00<\/option><option value=\"21:30:00\">21:30<\/option><option value=\"22:00:00\">22:00<\/option><option value=\"22:30:00\">22:30<\/option><option value=\"23:00:00\">23:00<\/option><option value=\"23:30:00\">23:30<\/option>                                <\/select>\r\n                                <input type=\"text\" class=\"pickup-time\" readonly>\r\n                                <input type=\"hidden\" name=\"pickup_time\" id=\"pickup_time\" value=\"\">\r\n                                                    <\/div>\r\n                    <\/div>\r\n                            <\/div>\r\n            <div class=\"col-12\">\r\n                <span class=\"form_title fix_margin\">Araba B\u0131rak Bilgilendirme<\/span>\r\n                                                            <select name=\"return_location_id\" class=\"return-location home-select\">\r\n                            <option value=\"0\" selected=\"selected\">Araban\u0131n B\u0131rak\u0131laca\u011f\u0131 \u015fhir ve Konum:<\/option><option value=\"2\">1. Bodrum Milas Airport [BJV]<\/option><option value=\"3\">2. Bodrum Downtown [BDR]<\/option><option value=\"4\">3. Dalaman Airport [DLM]<\/option><option value=\"5\">4. Didim - Akb\u00fck<\/option><option value=\"6\">5. \u0130zmir Adnan Menderes Airport [ADB]<\/option>                        <\/select>\r\n                                                <\/div>\r\n                            <div class=\"col-12\">\r\n                    <div class=\"row\">\r\n                                                    <div class=\"col-7 date top_margin\">\r\n                                                                    <input type=\"text\" name=\"return_date\" class=\"return-date\"\r\n                                           value=\"Tarih:\"\r\n                                           placeholder=\"Tarih:\"\r\n                                           readonly=\"readonly\" AUTOCOMPLETE=\"off\"\/>\r\n                                                            <\/div>\r\n                            <div class=\"col-5 time top_margin\">\r\n                                                                    <select class=\"d-none\" id=\"return_time_select\">\r\n                                        <option value=\"00:00:00\">00:00<\/option><option value=\"00:30:00\">00:30<\/option><option value=\"01:00:00\">01:00<\/option><option value=\"01:30:00\">01:30<\/option><option value=\"02:00:00\">02:00<\/option><option value=\"02:30:00\">02:30<\/option><option value=\"03:00:00\">03:00<\/option><option value=\"03:30:00\">03:30<\/option><option value=\"04:00:00\">04:00<\/option><option value=\"04:30:00\">04:30<\/option><option value=\"05:00:00\">05:00<\/option><option value=\"05:30:00\">05:30<\/option><option value=\"06:00:00\">06:00<\/option><option value=\"06:30:00\">06:30<\/option><option value=\"07:00:00\">07:00<\/option><option value=\"07:30:00\">07:30<\/option><option value=\"08:00:00\">08:00<\/option><option value=\"08:30:00\">08:30<\/option><option value=\"09:00:00\">09:00<\/option><option value=\"09:30:00\">09:30<\/option><option value=\"10:00:00\">10:00<\/option><option value=\"10:30:00\">10:30<\/option><option value=\"11:00:00\">11:00<\/option><option value=\"11:30:00\">11:30<\/option><option value=\"12:00:00\" selected=\"selected\">12:00<\/option><option value=\"12:30:00\">12:30<\/option><option value=\"13:00:00\">13:00<\/option><option value=\"13:30:00\">13:30<\/option><option value=\"14:00:00\">14:00<\/option><option value=\"14:30:00\">14:30<\/option><option value=\"15:00:00\">15:00<\/option><option value=\"15:30:00\">15:30<\/option><option value=\"16:00:00\">16:00<\/option><option value=\"16:30:00\">16:30<\/option><option value=\"17:00:00\">17:00<\/option><option value=\"17:30:00\">17:30<\/option><option value=\"18:00:00\">18:00<\/option><option value=\"18:30:00\">18:30<\/option><option value=\"19:00:00\">19:00<\/option><option value=\"19:30:00\">19:30<\/option><option value=\"20:00:00\">20:00<\/option><option value=\"20:30:00\">20:30<\/option><option value=\"21:00:00\">21:00<\/option><option value=\"21:30:00\">21:30<\/option><option value=\"22:00:00\">22:00<\/option><option value=\"22:30:00\">22:30<\/option><option value=\"23:00:00\">23:00<\/option><option value=\"23:30:00\">23:30<\/option>                                    <\/select>\r\n                                    <input type=\"text\" class=\"return-time\" readonly>\r\n                                    <input type=\"hidden\" name=\"return_time\" id=\"return_time\" value=\"\">\r\n                                                            <\/div>\r\n                                            <\/div>\r\n                <\/div>\r\n                                        <div class=\"col-12 filters\">\r\n                    <span class=\"form_title mt-2\">Filters<\/span>\r\n                    <div class=\"row\">\r\n                                                                                                                                                    <div class=\"col-xxs-12 col-6\">\r\n                                                                    <select name=\"attribute_id1\" class=\"fuel-type\">\r\n                                        <option value=\"-1\" selected=\"selected\">Se\u00e7 Yak\u0131t:<\/option><option value=\"1\">Diesel<\/option><option value=\"2\">Gasoline<\/option>                                    <\/select>\r\n                                                            <\/div>\r\n                                            <\/div>\r\n                <\/div>\r\n                                    <div class=\"col-12 crs-form-submit\">\r\n                <input type=\"hidden\" name=\"car_rental_came_from_step1\" value=\"yes\"\/>\r\n                                                            <!-- Note: Do not translate events to track well inter-language events -->\r\n                        <button type=\"submit\" name=\"car_rental_do_search\"\r\n                                class=\"car-rental-do-search\"\r\n                                onclick=\"ga('send', 'event', 'Car Rental', 'Click', '1. Search for all item models');\">\r\n                            Ara                        <\/button>\r\n                                                <\/div>\r\n        <\/div>\r\n    <\/form>\r\n<\/div>[\/vc_column_inner][vc_column_inner width=&#8221;1\/2&#8243;][\/vc_column_inner][\/vc_row_inner][\/vc_column][\/vc_row][vc_row css=&#8221;.vc_custom_1591161419599{padding-top: 25px !important;padding-right: 100px !important;padding-left: 100px !important;}&#8221;][vc_column][vc_custom_heading text=&#8221;Yolculu\u011funuz, Bizimle G\u00fcvende. Bodrum Hava Alan\u0131 ve Merkezde Sizlerleyiz&#8230;&#8221; font_container=&#8221;tag:h2|font_size:40|text_align:left|color:%230080c8|line_height:1&#8243; google_fonts=&#8221;font_family:Roboto%3A100%2C100italic%2C300%2C300italic%2Cregular%2Citalic%2C500%2C500italic%2C700%2C700italic%2C900%2C900italic|font_style:900%20bold%20regular%3A900%3Anormal&#8221;][vc_column_text]<\/p>\n<h3>Her Yolculukta Yan\u0131n\u0131zda Olan G\u00fcvenilir Partneriniz ile Ara\u00e7 Kiralama F\u0131rsatlar\u0131.<\/h3>\n<p>[\/vc_column_text][\/vc_column][\/vc_row][vc_row css=&#8221;.vc_custom_1557296049497{padding-top: 20px !important;padding-bottom: 20px !important;}&#8221;][vc_column][vc_single_image image=&#8221;3421&#8243; img_size=&#8221;full&#8221; alignment=&#8221;center&#8221;][\/vc_column][\/vc_row][vc_row full_width=&#8221;stretch_row&#8221; equal_height=&#8221;yes&#8221; css=&#8221;.vc_custom_1630996568582{padding-top: 100px !important;padding-bottom: 100px !important;background-image: url(https:\/\/blue-rentacar.com\/wp-content\/uploads\/2020\/06\/bodrum.jpg?id=3268) !important;}&#8221;][vc_column][vc_row_inner][vc_column_inner width=&#8221;1\/4&#8243;][\/vc_column_inner][vc_column_inner width=&#8221;1\/2&#8243;][vc_custom_heading text=&#8221;BODRUM&#8217;U B\u0130Z\u0130MLE KE\u015eFED\u0130N&#8221; font_container=&#8221;tag:h2|font_size:50|text_align:center|color:%23ffffff|line_height:1&#8243; google_fonts=&#8221;font_family:Roboto%3A100%2C100italic%2C300%2C300italic%2Cregular%2Citalic%2C500%2C500italic%2C700%2C700italic%2C900%2C900italic|font_style:900%20bold%20regular%3A900%3Anormal&#8221; css_animation=&#8221;fadeInUp&#8221;][vc_custom_heading text=&#8221;Bodrum&#8217;un e\u015fsiz g\u00fczelliklerini ke\u015ffetmek i\u00e7in yolculu\u011fa \u00e7\u0131karken, konforunuz ve \u00f6zg\u00fcrl\u00fc\u011f\u00fcn\u00fcz bizim \u00f6nceli\u011fimizdir. Bodrum Havaliman\u0131&#8217;nda sizi kar\u015f\u0131layan Blue Rent a Car, seyahatinizi unutulmaz k\u0131lmak i\u00e7in burada. Geni\u015f ara\u00e7 filomuz ve profesyonel ekibimizle, size en uygun arac\u0131 se\u00e7ip, an\u0131nda yola \u00e7\u0131kman\u0131z\u0131 sa\u011fl\u0131yoruz. Hem h\u0131zl\u0131 hem de g\u00fcvenilir bir hizmet sunarak, tatilinizin ba\u015flang\u0131c\u0131n\u0131 sorunsuz ve keyifli hale getiriyoruz. Bodrum&#8217;un muhte\u015fem sahillerini, tarihi mekanlar\u0131n\u0131 ve gizli kalm\u0131\u015f k\u00f6\u015felerini ke\u015ffetmek i\u00e7in bize kat\u0131l\u0131n. Size \u00f6zel ara\u00e7 kiralama \u00e7\u00f6z\u00fcmlerimizle, rahatl\u0131kla seyahat edin ve unutulmaz an\u0131lar biriktirin. Bodrum Havaliman\u0131&#8217;nda ara\u00e7 kiralama konusunda lider olarak, sizin yan\u0131n\u0131zday\u0131z.&#8221; font_container=&#8221;tag:h3|font_size:20|text_align:center|color:%23ffffff|line_height:1&#8243; google_fonts=&#8221;font_family:Roboto%3A100%2C100italic%2C300%2C300italic%2Cregular%2Citalic%2C500%2C500italic%2C700%2C700italic%2C900%2C900italic|font_style:400%20regular%3A400%3Anormal&#8221; css_animation=&#8221;fadeInUp&#8221;][\/vc_column_inner][vc_column_inner width=&#8221;1\/4&#8243;][\/vc_column_inner][\/vc_row_inner][\/vc_column][\/vc_row][vc_row css=&#8221;.vc_custom_1557246267209{padding-right: 100px !important;padding-left: 100px !important;}&#8221;][vc_column][vc_custom_heading text=&#8221;Bodrum&#8217; da uygun ve g\u00fcvenilir ara\u00e7 kiralama merkezi.<br \/>\n&#8221; font_container=&#8221;tag:h2|font_size:45|text_align:left|color:%230080c8|line_height:1&#8243; google_fonts=&#8221;font_family:Roboto%3A100%2C100italic%2C300%2C300italic%2Cregular%2Citalic%2C500%2C500italic%2C700%2C700italic%2C900%2C900italic|font_style:900%20bold%20regular%3A900%3Anormal&#8221;][vc_row_inner][vc_column_inner width=&#8221;1\/3&#8243;][vc_single_image image=&#8221;3144&#8243; img_size=&#8221;full&#8221; alignment=&#8221;center&#8221;][vc_custom_heading text=&#8221;B\u0130ZE YAZIN&#8221; font_container=&#8221;tag:h4|text_align:left&#8221; google_fonts=&#8221;font_family:Roboto%3A100%2C100italic%2C300%2C300italic%2Cregular%2Citalic%2C500%2C500italic%2C700%2C700italic%2C900%2C900italic|font_style:900%20bold%20regular%3A900%3Anormal&#8221;][vc_column_text]Kiral\u0131k ara\u00e7lar\u0131m\u0131z veya hizmetlerimiz hakk\u0131ndaki sorular\u0131n\u0131z i\u00e7in l\u00fctfen bize yaz\u0131n. 7\/24 en k\u0131sa s\u00fcrede size geri d\u00f6n\u00fc\u015f yapaca\u011f\u0131z.[\/vc_column_text][\/vc_column_inner][vc_column_inner width=&#8221;1\/3&#8243;][vc_single_image image=&#8221;3166&#8243; img_size=&#8221;full&#8221; alignment=&#8221;center&#8221;][vc_custom_heading text=&#8221;SOSYAL MEDYA&#8217;DA TAK\u0130P ED\u0130N&#8221; font_container=&#8221;tag:h4|text_align:left&#8221; google_fonts=&#8221;font_family:Roboto%3A100%2C100italic%2C300%2C300italic%2Cregular%2Citalic%2C500%2C500italic%2C700%2C700italic%2C900%2C900italic|font_style:900%20bold%20regular%3A900%3Anormal&#8221;][vc_column_text]Bizden son haberleri alabilmek i\u00e7in l\u00fctfen takip edin.[\/vc_column_text][\/vc_column_inner][vc_column_inner width=&#8221;1\/3&#8243;][vc_single_image image=&#8221;3163&#8243; img_size=&#8221;full&#8221; alignment=&#8221;center&#8221;][vc_custom_heading text=&#8221;Hakk\u0131m\u0131zda&#8221; font_container=&#8221;tag:h4|text_align:left&#8221; google_fonts=&#8221;font_family:Roboto%3A100%2C100italic%2C300%2C300italic%2Cregular%2Citalic%2C500%2C500italic%2C700%2C700italic%2C900%2C900italic|font_style:900%20bold%20regular%3A900%3Anormal&#8221;][vc_column_text]Y\u0131llar boyunca edindi\u011fimiz deneyim ve birikimle, Bodrum&#8217;da ara\u00e7 kiralama sekt\u00f6r\u00fcn\u00fcn lider firmalar\u0131ndan biri olman\u0131n hakl\u0131 gururunu ya\u015famaktay\u0131z. Her bir m\u00fc\u015fterimizin seyahat deneyimini en \u00fcst d\u00fczeye \u00e7\u0131karmak i\u00e7in \u00e7al\u0131\u015f\u0131rken, g\u00fcvenilirlik, kalite ve m\u00fc\u015fteri memnuniyeti ilkelerimizden asla \u00f6d\u00fcn vermedik.[\/vc_column_text][\/vc_column_inner][\/vc_row_inner][\/vc_column][\/vc_row]<\/p>\n<\/div>","protected":false},"excerpt":{"rendered":"<p>[vc_row full_width=&#8221;stretch_row&#8221; slider_bg=&#8221;yes&#8221; slider_images=&#8221;3251,3252,3253&#8243;][vc_column][vc_row_inner][vc_column_inner width=&#8221;5\/12&#8243;][\/vc_column_inner][vc_column_inner width=&#8221;1\/2&#8243;][\/vc_column_inner][\/vc_row_inner][\/vc_column][\/vc_row][vc_row css=&#8221;.vc_custom_1591161419599{padding-top: 25px !important;padding-right: 100px !important;padding-left: 100px !important;}&#8221;][vc_column][vc_custom_heading text=&#8221;Yolculu\u011funuz, Bizimle G\u00fcvende. Bodrum Hava Alan\u0131 ve Merkezde Sizlerleyiz&#8230;&#8221; font_container=&#8221;tag:h2|font_size:40|text_align:left|color:%230080c8|line_height:1&#8243; google_fonts=&#8221;font_family:Roboto%3A100%2C100italic%2C300%2C300italic%2Cregular%2Citalic%2C500%2C500italic%2C700%2C700italic%2C900%2C900italic|font_style:900%20bold%20regular%3A900%3Anormal&#8221;][vc_column_text] Her Yolculukta Yan\u0131n\u0131zda Olan G\u00fcvenilir Partneriniz ile Ara\u00e7 Kiralama F\u0131rsatlar\u0131. [\/vc_column_text][\/vc_column][\/vc_row][vc_row css=&#8221;.vc_custom_1557296049497{padding-top: 20px !important;padding-bottom: 20px !important;}&#8221;][vc_column][vc_single_image image=&#8221;3421&#8243; img_size=&#8221;full&#8221; alignment=&#8221;center&#8221;][\/vc_column][\/vc_row][vc_row full_width=&#8221;stretch_row&#8221; equal_height=&#8221;yes&#8221; css=&#8221;.vc_custom_1630996568582{padding-top: 100px !important;padding-bottom: 100px !important;background-image: url(https:\/\/blue-rentacar.com\/wp-content\/uploads\/2020\/06\/bodrum.jpg?id=3268) !important;}&#8221;][vc_column][vc_row_inner][vc_column_inner width=&#8221;1\/4&#8243;][\/vc_column_inner][vc_column_inner width=&#8221;1\/2&#8243;][vc_custom_heading text=&#8221;BODRUM&#8217;U [&hellip;]<\/p>\n","protected":false},"author":1,"featured_media":0,"parent":0,"menu_order":0,"comment_status":"closed","ping_status":"closed","template":"homepage.php","meta":{"footnotes":""},"class_list":["post-3300","page","type-page","status-publish","hentry"],"aioseo_notices":[],"_links":{"self":[{"href":"https:\/\/blue-rentacar.com\/tr\/wp-json\/wp\/v2\/pages\/3300","targetHints":{"allow":["GET"]}}],"collection":[{"href":"https:\/\/blue-rentacar.com\/tr\/wp-json\/wp\/v2\/pages"}],"about":[{"href":"https:\/\/blue-rentacar.com\/tr\/wp-json\/wp\/v2\/types\/page"}],"author":[{"embeddable":true,"href":"https:\/\/blue-rentacar.com\/tr\/wp-json\/wp\/v2\/users\/1"}],"replies":[{"embeddable":true,"href":"https:\/\/blue-rentacar.com\/tr\/wp-json\/wp\/v2\/comments?post=3300"}],"version-history":[{"count":18,"href":"https:\/\/blue-rentacar.com\/tr\/wp-json\/wp\/v2\/pages\/3300\/revisions"}],"predecessor-version":[{"id":3458,"href":"https:\/\/blue-rentacar.com\/tr\/wp-json\/wp\/v2\/pages\/3300\/revisions\/3458"}],"wp:attachment":[{"href":"https:\/\/blue-rentacar.com\/tr\/wp-json\/wp\/v2\/media?parent=3300"}],"curies":[{"name":"wp","href":"https:\/\/api.w.org\/{rel}","templated":true}]}}