{"id":3361,"date":"2021-09-07T06:11:03","date_gmt":"2021-09-07T06:11:03","guid":{"rendered":"https:\/\/blue-rentacar.com\/terms-conditions\/"},"modified":"2022-06-23T08:41:01","modified_gmt":"2022-06-23T08:41:01","slug":"terms-conditions","status":"publish","type":"page","link":"https:\/\/blue-rentacar.com\/tr\/terms-conditions\/","title":{"rendered":"Kiralama Ko\u015fullar\u0131"},"content":{"rendered":"<div class=\"wpb-content-wrapper\"><p>[vc_row full_width=&#8221;stretch_row_content&#8221; content_placement=&#8221;top&#8221; css=&#8221;.vc_custom_1591429472948{margin-top: -25px !important;padding-top: 154px !important;padding-bottom: 154px !important;background-image: url(https:\/\/blue-rentacar.com\/wp-content\/uploads\/2020\/02\/terms-1536&#215;310-1.jpg?id=3182) !important;background-position: 0 0 !important;background-repeat: no-repeat !important;}&#8221;][vc_column][\/vc_column][\/vc_row][vc_row css=&#8221;.vc_custom_1557296905820{padding-right: 100px !important;padding-left: 100px !important;}&#8221;][vc_column][vc_column_text]<\/p>\n<h2>Ara\u00e7 Kiralama Ko\u015fullar\u0131<\/h2>\n<p><strong>Ehliyet &amp; S\u00fcr\u00fcc\u00fc Ya\u015f\u0131<\/strong><br \/>\nS\u00fcr\u00fcc\u00fcler en az iki(2) senelik ge\u00e7erli, yerli veya uluslararas\u0131 ehliyet sahibi olmak zorundad\u0131r. Ekonomi ve Compact ara\u00e7lar i\u00e7in gerekli ya\u015f 23, standart ve daha \u00fcst gruplar i\u00e7in en az 3 senelik ehliyet ve 25 ya\u015f gereklidir. L\u00fcks ve daha y\u00fcksek gruplar i\u00e7in 7 senelik ehliyet ve 30 ya\u015f \u00fcst\u00fc gerekiyor. E\u011fer 75 ya\u015f \u00fcst\u00fcyseniz l\u00fctfen bize bildiriniz, baz\u0131 b\u00f6lgelerde ya\u015f s\u0131n\u0131rlamalar\u0131 ge\u00e7erli olabilir.<\/p>\n<p><strong>Minimum Kiralama S\u00fcresi<\/strong><br \/>\nMinimum kiralama s\u00fcresi 24 saattir. 24 saatten az kiralamalarda 24 saat \u00fccreti uygulan\u0131r.<\/p>\n<p><strong>Fiyatlara Dahil Olanlar\/Olmayanlar<\/strong><br \/>\n<strong>Fiyatlara dahil olanlar:<\/strong> \u00dc\u00e7\u00fcnc\u00fc \u015fah\u0131s sigortas\u0131 (yasal s\u0131n\u0131rlar dahilinde) hasar sigortas\u0131 (CDW), h\u0131rs\u0131zl\u0131k sigortas\u0131, KDV 18%, yerel vergiler, ya\u011f, bak\u0131m. Uzun d\u00f6nemli kiralamalarda \u00f6zel fiyat ve \u015fartlar uygulanabilir (en az 30 g\u00fcn). Ayl\u0131k km s\u0131n\u0131r\u0131 3000 km&#8217;dir. Km a\u015f\u0131m \u00fccreti km ba\u015f\u0131na 1 TL&#8217;dir.<\/p>\n<p><strong>Fiyatlara dahil olmayanlar:<\/strong> Yak\u0131t, ki\u015fisel sigorta (PAI), tek y\u00f6n kiralama bedeli (ge\u00e7erli oldu\u011fu yerlerde), iste\u011fe ba\u011fl\u0131 ekstra hizmetler (ek s\u00fcr\u00fcc\u00fcler, bebek ve \u00e7ocuk koltuklar\u0131, navigasyon cihaz\u0131, ekipman, iste\u011fe ba\u011fl\u0131 sigortalar), park \u00fccretleri, otoban ge\u00e7i\u015f \u00fccretleri, ofis\/havaliman\u0131 s\u0131n\u0131rlar\u0131 d\u0131\u015f\u0131nda teslimat ve iade \u00fccretleri.<\/p>\n<p><strong>\u00d6deme &amp; Depozit \u015eartlar\u0131<\/strong><br \/>\nAra\u00e7 rezervasyon ve fiyat garantisi i\u00e7in, rezervasyon s\u0131ras\u0131nda toplam kiralama \u00fccretinin en az %20&#8217;si tutar\u0131nda \u00f6n \u00f6deme talep edilebilir ve kalan bakiye ara\u00e7 tesliminde \u00f6denir. E\u011fer rezervasyon s\u0131ras\u0131nda al\u0131\u015f\u0131n\u0131za 3 g\u00fcnden az s\u00fcre kald\u0131ysa kiralama bedelinin tamam\u0131 talep edilebilir. \u00d6deme i\u00e7in Visa\/Master Card kredi kartlar\u0131, nakit, banka havalesi kabul edilir. Kredi kartlar\u0131 ile sadece yerel para birimi TL olarak \u00f6deme yap\u0131labilir.<\/p>\n<p><strong>Kiralama ba\u015flang\u0131c\u0131nda depozit \u015fart\u0131:<\/strong><br \/>\nAra\u00e7 kiralama d\u00f6n\u00fc\u015f\u00fcnde sigorta kapsam\u0131 d\u0131\u015f\u0131nda olu\u015fabilecek hasar, hatal\u0131 kullan\u0131m ar\u0131zalar\u0131, eksik yak\u0131t, kira g\u00fcn\u00fc uzatmalar\u0131, \u00f6denmemi\u015f trafik cezalar\u0131 vb. ek masraflar i\u00e7in ara\u00e7 tesliminde ana s\u00fcr\u00fcc\u00fcn\u00fcn kredi kart\u0131na minimum 500 TL teminat depoziti olarak provizyon al\u0131n\u0131r. Provizyon teminat\u0131n karttan \u00e7ekilmesi de\u011fil, kiralama s\u00fcresince teminat miktar\u0131n\u0131n bloke edilmesidir. Baz\u0131 ara\u00e7 gruplar\u0131nda teminat miktar\u0131 daha y\u00fcksek olabilir. Bunun i\u00e7in kiralama ba\u015flang\u0131c\u0131nda kirac\u0131n\u0131n ad\u0131na olan minimum 6 ay ge\u00e7erli ve kullan\u0131labilir limiti olan bir Visa\/Master Card kredi kart\u0131 bilgileri kiralama kontrat\u0131na eklenir. Ara\u00e7 al\u0131\u015f\u0131nda kredi kart\u0131 asl\u0131, sahibi ve bilgileri mevcut de\u011fil ise ara\u00e7 kiralanmaz ve rezervasyon iptal ko\u015fullar\u0131 \u015fartlar\u0131na g\u00f6re iptal edilir. Nakit depozit kabul edilmez.<\/p>\n<h2>Sigorta Bilgileri<\/h2>\n<p><strong>\u00dc\u00e7\u00fcnc\u00fc \u015eah\u0131s (Trafik) Sigortas\u0131:<\/strong><br \/>\nKiralayan s\u00fcr\u00fcc\u00fcn\u00fcn, kiralad\u0131\u011f\u0131 ara\u00e7la \u00fc\u00e7\u00fcnc\u00fc sah\u0131slara, di\u011fer ta\u015f\u0131tlara, m\u00fclklere verece\u011fi maddi ve manevi zararlar\u0131 Trafik sigortas\u0131 ge\u00e7erli limitleri oran\u0131nda kar\u015f\u0131lar. Kanunen belirlenen limitlerin \u00fczerinde \u00e7\u0131kacak zararlar kiralayan\u0131n sorumlulu\u011fundad\u0131r.<\/p>\n<p><strong>Kaza Sigortas\u0131 (CDW):<\/strong><br \/>\nKiralanan ara\u00e7ta \u00e7arp\u0131\u015fma sonucu olu\u015facak hasarlar\u0131, hasar an\u0131nda firmam\u0131za bilgi verilmesi ve gerekli alkol, trafik raporlar\u0131n\u0131n hasar an\u0131ndan itibaren 48 saat i\u00e7inde ilgili ofisimize teslim edildimesi durumunda kapsar. Kiralanan ara\u00e7 grubuna g\u00f6re, olu\u015facak hasar\u0131n ilk 3500 TL\u2019ye kadar olu\u015fabilecek k\u0131sm\u0131 sigorta muafiyet kapsam\u0131nda olup, kiralayana aittir. Muafiyet bedeli iste\u011fe ba\u011fl\u0131 ek sigorta, Muafiyet Sigortas\u0131 (Super CDW) kiralama ba\u015flang\u0131c\u0131nda sat\u0131n al\u0131narak sigortalanabilir. Kaza Sigortas\u0131 (CDW), kullan\u0131m hatalar\u0131 sonucu olu\u015fabilecek mekanik ar\u0131zalar\u0131, anahtar kayb\u0131, stepne\/avadanl\u0131k\/ruhsat\/cant kapa\u011f\u0131\/silecek\/anten kayb\u0131, yanl\u0131\u015f yak\u0131t dolumunu, far ve Radyo\/CD \u00e7alar\u0131n a\u00e7\u0131k unutulmas\u0131 sonucu olu\u015facak ak\u00fc masraflar\u0131n\u0131, lastik yar\u0131lmalar\u0131n\u0131, cam ve far k\u0131r\u0131lmalar\u0131n\u0131, \u00e7ocuk koltu\u011fu, navigasyon cihaz\u0131, Radyo\/CD \u00e7alar vb. ekipman\u0131n \u00e7al\u0131nmas\u0131, kayb\u0131, hasar\u0131, ara\u00e7 d\u00f6n\u00fc\u015f\u00fcnde oto kuaf\u00f6r temizli\u011fi gerektirecek kadar arac\u0131n kirli iade edilmesinden dolay\u0131 temizlik masraflar\u0131n\u0131, sigara\/d\u00f6\u015feme yan\u0131klar\u0131n\u0131 kar\u015f\u0131lamaz. Kaza trafik raporlar\u0131na g\u00f6re, kiralayan\u0131n %100 kusurlu oldu\u011fu hasarlarda veya ara\u00e7taki sigorta kapsam\u0131 d\u0131\u015f\u0131ndaki masraflardan dolay\u0131, arac\u0131n serviste ge\u00e7irece\u011fi s\u00fcre ya da tekrar kiraya haz\u0131r olana kadar ge\u00e7ecek s\u00fcre, i\u015f kayb\u0131 olarak, kiralama kontrat\u0131ndaki g\u00fcnl\u00fck kira \u00fccretinden hesaplanarak tahsil edilir.<\/p>\n<p><strong>H\u0131rs\u0131zl\u0131k Sigortas\u0131:<\/strong><br \/>\nArac\u0131n kiralama s\u00fcresi i\u00e7erisinde anahtar kiralayanda ve ara\u00e7 park halindeyken, zorlanarak \u00e7al\u0131nmas\u0131 ve \u00e7al\u0131nma tutana\u011f\u0131n\u0131n en yak\u0131n polis\/jandarma karakolundan al\u0131narak 24 saat i\u00e7inde firmam\u0131za bildirilmesi durumunda ara\u00e7 bedelini, sigorta muafiyet bedeli d\u00fc\u015f\u00fcl\u00fckten (ara\u00e7 grubuna g\u00f6re 3500 TL\u2019ye kadar olan) sonraki k\u0131sm\u0131n\u0131 kar\u015f\u0131lar. Arac\u0131n anahtar\u0131 kiralayan taraf\u0131ndan firmam\u0131za iade edilmelidir, aksi takdirde h\u0131rs\u0131zl\u0131k sigortas\u0131 ge\u00e7ersizdir. Anahtar\u0131n kiralayan taraf\u0131ndan kendisi d\u0131\u015f\u0131nda \u00fc\u00e7\u00fcnc\u00fc bir \u015fahsa verilmesi ya da kaybedilmesi sonucu arac\u0131n anahtarla \u00e7al\u0131nmas\u0131 halinde h\u0131rs\u0131zl\u0131k sigortas\u0131 \u00e7al\u0131nmay\u0131 emniyeti suistimal olarak de\u011ferlendirir ve ara\u00e7 bedeli kiralayan taraf\u0131ndan \u00f6denir. Arac\u0131n \u00e7al\u0131nmas\u0131 ile sigortan\u0131n ara\u00e7 bedelini \u00f6demesi aras\u0131nda ge\u00e7en s\u00fcre i\u015f kayb\u0131 tazminat\u0131 olarak kiralayandan tahsil edilir. Kiralayan\u0131n sorumlulu\u011fu maksimum 30 g\u00fcnle s\u0131n\u0131rl\u0131d\u0131r.<\/p>\n<p><strong>Muafiyet Sigortas\u0131 (Super CDW):<\/strong><br \/>\n\u00c7arp\u0131\u015fma sonucu olu\u015facak hasarlar\u0131n Economy-Compact gruplar\u0131nda 3500 TL, Wagon-Standard gruplarda 4000 TL, Minib\u00fcs-L\u00fcks grublarda 6000 TL ye kadar olan k\u0131sm\u0131 Kaza Sigortas\u0131 (CDW) sigortas\u0131 muafiyet kapsam\u0131ndad\u0131r. Kiralayan kiralama ba\u015flang\u0131c\u0131nda ek \u00fccret \u00f6deyerek iste\u011fe ba\u011fl\u0131 Muafiyet Sigortas\u0131 (Super CDW) sat\u0131n ad\u0131\u011f\u0131nda, yukar\u0131daki muafiyet bedellerinden sorumlu tutulmaz.<\/p>\n<p><strong>LCF (Lastik, Cam, Far) Sigortas\u0131:<\/strong><br \/>\nKaza d\u0131\u015f\u0131 durumlarda olu\u015facak lastik yar\u0131lmalar\u0131, far ve cam k\u0131r\u0131lmalar\u0131n\u0131 ek bedelle iste\u011fe ba\u011fl\u0131 LCF (Lastik, Cam, Far) sigortas\u0131 sat\u0131n alarak, sigorta kapsam\u0131na alabilirsiniz.<\/p>\n<p><strong>Bireysel Kaza Sigortas\u0131:<\/strong><br \/>\nKiralanan ara\u00e7 i\u00e7erisindeki yolcular\u0131n arac\u0131n sigorta poli\u00e7esinde belirlenen limitler dahilinde tedavi masraflar\u0131n\u0131 kar\u015f\u0131lar. Bu sigorta t\u00fcm ofislerde mevcut olmayabilir ya da ek bedelle sat\u0131n al\u0131nabilir.<\/p>\n<p><strong>\u00d6nemli Notlar:<\/strong><br \/>\nSigortalar\u0131n ge\u00e7erli olabilmesi i\u00e7in, s\u00fcr\u00fcc\u00fcn\u00fcn kaza s\u0131ras\u0131nda alkol veya herhangi bir uyu\u015fturucu madde etkisinde olmamas\u0131, yasal h\u0131z s\u0131n\u0131rlar\u0131n\u0131 a\u015fmamas\u0131, arac\u0131 karayollar\u0131 d\u0131\u015f\u0131nda kullanmamas\u0131, trafik ve alkol raporlar\u0131n\u0131n kaza an\u0131nda tutulup, 48 saat i\u00e7inde en yak\u0131n ofisimize teslim edilmesi, kiralama s\u00f6zle\u015fmesinde ismi yaz\u0131l\u0131 olanlar d\u0131\u015f\u0131nda kullan\u0131lmamas\u0131, ara\u00e7 ruhsat\u0131nda belirtilen y\u00fck haddi d\u0131\u015f\u0131nda ta\u015f\u0131ma yap\u0131lmamas\u0131, arac\u0131n kaza yerinde terkedilmemesi ve en yak\u0131n ofise haber verilmesi gerekmektedir. Ara\u00e7 d\u00f6n\u00fc\u015f\u00fcnde hasar\u0131n farkedilmesi ve hasar an\u0131nda gerekli raporlar\u0131n al\u0131nmamas\u0131 halinde sigorta ge\u00e7ersizdir ve beyanla sigortadan hasar kar\u015f\u0131lanmaz.<\/p>\n<p><strong>Ek S\u00fcr\u00fcc\u00fcler<\/strong><br \/>\nKiral\u0131k ara\u00e7lar kiralayan s\u00fcr\u00fcc\u00fc d\u0131\u015f\u0131nda iki ek s\u00fcr\u00fcc\u00fc taraf\u0131ndan daha kullan\u0131labilir. Ek s\u00fcr\u00fcc\u00fclerin arac\u0131 kullanabilmesi i\u00e7in kiralama ba\u015flang\u0131c\u0131nda kontrata kay\u0131t edilmelidirler. Ek s\u00fcr\u00fcc\u00fcler i\u00e7in ek \u00fccret talep edilebilir ve rezervasyon s\u0131ras\u0131nda ya da kiralama ba\u015flang\u0131c\u0131nda bunu sat\u0131n alabilirsiniz. Ek s\u00fcr\u00fcc\u00fcler kiralama ba\u015flang\u0131c\u0131nda ehliyet ve ya\u015f kriterlerine uymal\u0131d\u0131r. E\u011fer kay\u0131tl\u0131 olmayan bir s\u00fcr\u00fcc\u00fc kaza yaparsa sigortalar ge\u00e7ersiz olacakt\u0131r.<\/p>\n<p><strong>\u00c7ocuk Koltu\u011fu\/Navigasyon Cihaz\u0131\/Kar Zinciri<\/strong><br \/>\nRezervasyon s\u0131ras\u0131nda talep edildi\u011finde, \u00e7ocuk koltu\u011fu, navigasyon cihaz\u0131, kar zinciri vb ekipman\u0131 ek \u00fccret kar\u015f\u0131l\u0131\u011f\u0131nda kiralayabilirsiniz. Rezervasyonunuzda talep etmemenize ra\u011fmen, ara\u00e7 tesliminde talep ederseniz, ekipman m\u00fcsaitse size sa\u011flanabilir.<\/p>\n<p><strong>U\u00e7u\u015f Bilgileri<\/strong><br \/>\nHavaalan\u0131 teslim ve d\u00f6n\u00fc\u015fl\u00fc kiralamalarda, do\u011fru u\u00e7u\u015f bilgileri ve saatlerini rezervasyon s\u0131ras\u0131nda bildirmek m\u00fc\u015fterinin sorumlulu\u011fundad\u0131r. E\u011fer rezervasyon s\u0131ras\u0131nda u\u00e7u\u015f bilgileri mevcut de\u011filse, ara\u00e7 tesliminden en az 24 saat \u00f6nce u\u00e7u\u015f bilgilerinin taraf\u0131m\u0131za bildirilmesi gerekmektedir. Aksi takdirde, zaman\u0131nda bildirilmeyen u\u00e7u\u015f bilgilerin ya da de\u011fi\u015fikliklerinden dolay\u0131 ara\u00e7 teslim veya d\u00f6n\u00fc\u015f\u00fcnde ya\u015fanabilecek sorunlardan firmam\u0131z sorumlu olmayacak, herhangi bir \u00fccret \u00f6demeyecektir. U\u00e7u\u015f bilgilerini \u00f6nceden bildirdi\u011finizde havaalan\u0131 geli\u015f ve gidi\u015finizde personelimizin zaman\u0131nda sizi kar\u015f\u0131lamas\u0131 m\u00fcmk\u00fcn olacakt\u0131r.<\/p>\n<p><strong>Ara\u00e7 Teslim &amp; \u0130ade \u015eartlar\u0131<\/strong><br \/>\nKiral\u0131k arac\u0131 \u015fehirlerde ofisimiz veya adresinizden, havaalanlar\u0131ndan teslim\/iade yapabilirsiniz. Blue Rent A Car ofislerinin bulundu\u011fu \u015fehirlerde ofis saatleri i\u00e7erisinde ofise 5 km ye kadar olan mesafelerde teslim veya iade \u00fccreti al\u0131nmaz. 5 km \u00fczerindeki mesafelerde otelinize, ev\/i\u015f adresinize, \u015fehir s\u0131n\u0131rlar\u0131 d\u0131\u015f\u0131na teslim ve iade yap\u0131lacaksa, teslim noktas\u0131n\u0131n bulundu\u011fu yere g\u00f6re \u00fccretlendirilecektir. Havaalanlar\u0131 hari\u00e7 olmak \u00fczere, \u015fehiri\u00e7i ofis \u00e7al\u0131\u015fma saatleri d\u0131\u015f\u0131nda al\u0131\u015f ve iade ek \u00fccrete tabidir.<\/p>\n<p><strong>Tek Y\u00f6n Kiralama<\/strong><br \/>\nAra\u00e7 iade ofisi\/\u015fehri al\u0131\u015f ofisinden\/\u015fehrinden farkl\u0131 bir ofis\/\u015fehir olursa, bu tip kiralama tek y\u00f6n kiralama olarak adland\u0131r\u0131l\u0131r. Bu tip kiralamalarda al\u0131\u015f ve iade ofisleri\/\u015fehirleri aras\u0131ndaki mesafe hesaplanarak tek y\u00f6n kiralama \u00fccreti, kiralama bedeline eklenir. Bu \u00fccret kiralanan arac\u0131n al\u0131\u015f ofisine g\u00f6t\u00fcr\u00fclmesi i\u00e7in gereken hizmet bedelini kapsar.<\/p>\n<p><strong>Ara\u00e7 Grup\/Model<\/strong><br \/>\nBelirli araba modeli ve markas\u0131 garanti edilemez. \u0130stenilen grup ve \u00f6zellikler garanti edilir.(\u00d6rnek: kompakt, A\/C , man\u00fcel) Blue Rent A Car elinde olmayan nedenlerden dolay\u0131 olu\u015fabilecek durumlarda (arac\u0131n bir \u00f6nceki m\u00fc\u015fteriden ge\u00e7 veya hasarl\u0131 d\u00f6nmesi, teknik ar\u0131za, force majeure vb.) daha uygun fiyata bir alt grubu, arac\u0131n muadili veya daha \u00fcst grupla de\u011fi\u015ftirme hakk\u0131n\u0131 sakl\u0131 tutar.<\/p>\n<p><strong>Ge\u00e7\/Erken \u0130ade<\/strong><br \/>\nGe\u00e7 \u0130ade: Ara\u00e7 kontratta belirtilen iade saatinden daha sonra d\u00f6nd\u00fc\u011f\u00fcnde, 59 dakikaya kadar olan gecikmelerde \u00f6nceden haber verilip taraf\u0131m\u0131zdan onayland\u0131\u011f\u0131nda ek \u00fccret al\u0131nmaz. 60 dakika veya daha \u00fcst\u00fc gecikmelerde her gecikilen saat i\u00e7in saat ba\u015f\u0131na g\u00fcnl\u00fck kiralama \u00fccretinin 1\/5 i kadar ek \u00fccret tahsil edilir. 5 saat ve \u00fczeri gecikmelerde ekstra g\u00fcn \u00fccreti tahsil edilir. Kiralayan haber vermeksizin arac\u0131 ge\u00e7 iade edemez ve ilgili ofisin onay\u0131 olmadan kira s\u00fcresini uzatamaz. Blue Rent A Car arac\u0131 bir sonraki rezervasyona haz\u0131r etmesi gerekti\u011fi durumlarda kira uzatmay\u0131 onaylamama hakk\u0131n\u0131 sakl\u0131 tutar.<\/p>\n<p><strong>Erken \u0130ade:<\/strong> Kiralama kontrat\u0131nda yaz\u0131l\u0131 d\u00f6n\u00fc\u015f\/iade saatinden erken d\u00f6nen kiral\u0131k ara\u00e7larda \u00fccret iadesi yap\u0131lmaz.<\/p>\n<p><strong>Ara\u00e7 durumu<\/strong><br \/>\nAra\u00e7 kiralama ba\u015flang\u0131c\u0131nda teslim edildi\u011fi durumda, ruhsat, plaka ve avadanl\u0131klar\u0131 mevcut olarak iade edilmelidir. Normal y\u0131kama ile giderilemeyecek, oto kuaf\u00f6r\u00fc gerektiren durumlarda temizlik \u00fccreti d\u00f6n\u00fc\u015fte tahsil edilir.<\/p>\n<p><strong>Yak\u0131t Politikas\u0131<\/strong><br \/>\nAra\u00e7lar full depo kiralanmaz. Ara\u00e7 kiralama ba\u015flang\u0131c\u0131nda yak\u0131t deposu seviyesi nas\u0131lsa, ayn\u0131 seviyede iade yap\u0131lmas\u0131 gereklidir. Eksik yak\u0131tla d\u00f6nen ara\u00e7lardaki eksik yak\u0131t fark\u0131 d\u00f6n\u00fc\u015fte tahsil edililir. L\u00fctfen ihtiyac\u0131n\u0131za g\u00f6re yak\u0131t sat\u0131n al\u0131n\u0131z, fazla yak\u0131tla d\u00f6nen ara\u00e7larda yak\u0131t iadesi yap\u0131lamaz.<\/p>\n<p>Dilerseniz kiralama ba\u015flang\u0131c\u0131nda \u00fccreti tahsil edilmek \u00fczere \u00f6n \u00f6demeli yak\u0131t sipari\u015fi verebilirsiniz. Ara\u00e7 kiraya \u00e7\u0131kmadan \u00f6nce talep edilen yak\u0131t (1\/4, 1\/2, full depo) araca doldurularak \u00fccreti teslimde pe\u015fin tahsil edilir. \u00d6n \u00f6demeli benzin hizmeti sat\u0131n alarak kiralad\u0131\u011f\u0131n\u0131z arac\u0131 d\u00f6n\u00fc\u015fte bo\u015f depo ile getirmeniz gerekmektedir, fazla yak\u0131tla d\u00f6nen ara\u00e7larda yak\u0131t iadesi yap\u0131lamaz.<\/p>\n<p><strong>Trafik Cezalar\u0131<\/strong><br \/>\nKiralaman\u0131z s\u00fcresince trafik kurallar\u0131n\u0131 ihlal eti\u011finizde olu\u015fabilecek trafik cezalar\u0131 (size tebli\u011f edilemeyen mobese kamera kay\u0131tlar\u0131 dahil), otoban\/k\u00f6pr\u00fc\/park bedelleri kiralayana aittir. Bu cezalar\u0131 zaman\u0131nda \u00f6demedi\u011finizde, trafik\/vergi dairesi taraf\u0131ndan ara\u00e7 sahibi olarak merkez ofisimize ceza tebli\u011f edilir ve kiralama bitmi\u015f olsa bile daha sonra olu\u015fan faizi ve hizmet bedeli ile sizden tahsil edilir. L\u00fctfen cezalar\u0131 zaman\u0131nda \u00f6deyerek ek faiz ve \u00fccretleride \u00f6demek zorunda kalmay\u0131n\u0131z.<\/p>\n<p><strong>Yurtd\u0131\u015f\u0131na \u00c7\u0131k\u0131\u015f<\/strong><br \/>\nKiral\u0131k ara\u00e7lar\u0131m\u0131z yurtd\u0131\u015f\u0131na \u00e7\u0131kar\u0131lamaz. Aksi takdirde sigortalar ge\u00e7erlili\u011fini yitirir ve kiralayan ki\u015fi ara\u00e7 bedelini \u00f6demekle y\u00fck\u00fcml\u00fc olur.<\/p>\n<p><strong>\u0130ptal Ko\u015fullar\u0131<\/strong><br \/>\n\u0130ptal ko\u015fullar\u0131na uygun olarak m\u00fc\u015fteri rezervasyonunu \u00f6nceden haber vererek iptal ettirebilir. Rezervasyonunuzu iptal etmek zorunda kalad\u0131\u011f\u0131n\u0131zda Blue Rent A Car ara\u00e7 kiralama al\u0131\u015f tarihine kadar kalan s\u00fcreye g\u00f6re iptal \u00fccreti tahsil eder. \u0130ptal Ko\u015fullar\u0131:<\/p>\n<p>&#8211; Erken d\u00f6nen kiralamalar, rezervasyon tarih ve saatinden ge\u00e7 teslim al\u0131\u015flar, ara\u00e7 hi\u00e7 haber verilmeden rezervasyon saatinde teslim al\u0131nmad\u0131\u011f\u0131nda (no show) ve kiralama ba\u015flang\u0131c\u0131ndan sonra yap\u0131lan iptaller i\u00e7in iade yap\u0131lmaz. B\u00fct\u00fcn iptaller yaz\u0131l\u0131 olarak info@blue-rentacar.com adresine eposta g\u00f6nderererek veya +90 532 631 73 89 telefon numaras\u0131n\u0131 arayarak yap\u0131lmal\u0131d\u0131r.<br \/>\n<strong><br \/>\n&#8211; \u0130ptal \u00fccretleri:<\/strong><br \/>\nKiralama ba\u015flang\u0131c\u0131ndan<br \/>\n7 g\u00fcn veya daha \u00f6ncesinde yap\u0131lan iptallerde 25 TL idari hizmet bedeli<br \/>\n6-3 g\u00fcn \u00f6nce yap\u0131lan iptallerde 1 g\u00fcn kira bedeli<br \/>\n2-0 g\u00fcn \u00f6nce yap\u0131lan iptallerde depozit bedeli ya da 2 g\u00fcn kira \u00fccreti (hangisi y\u00fcksekse)<\/p>\n<p><strong>Notlar<\/strong><br \/>\nBlue Rent A Car kendi sahip oldu\u011fu ofisler d\u0131\u015f\u0131ndaki hizmet noktalar\u0131nda di\u011fer i\u015f orta\u011f\u0131 ara\u00e7 kiralama firmalar\u0131ndan arac\u0131 olarak oto kiralama hizmeti verebilir. Firmam\u0131z arac\u0131l\u0131\u011f\u0131yla, i\u015f orta\u011f\u0131m\u0131z firmalardan yap\u0131lan kiralamalarda, kirac\u0131 firman\u0131n kiralama \u015fartlar\u0131 ge\u00e7erlidir. Fiyatlar, genel bilgiler, ko\u015fullar ve \u015fartlar \u00f6nceden bildirilmeden de\u011fi\u015ftirilebilir ve ofis lokasyonlar\u0131na g\u00f6re farkl\u0131l\u0131k g\u00f6sterebilir. Web sitemiz ve fiyatlar\u0131m\u0131z d\u00f6nemsel olarak g\u00fcncellenebilir, l\u00fctfen g\u00fcncel fiyatlar ve \u015fartlar i\u00e7in web sitemizi ziyaret edin. (www.blue-rentacar.com)[\/vc_column_text][vc_single_image image=&#8221;3421&#8243; img_size=&#8221;full&#8221;][\/vc_column][\/vc_row]<\/p>\n<\/div>","protected":false},"excerpt":{"rendered":"<p>[vc_row full_width=&#8221;stretch_row_content&#8221; content_placement=&#8221;top&#8221; css=&#8221;.vc_custom_1591429472948{margin-top: -25px !important;padding-top: 154px !important;padding-bottom: 154px !important;background-image: url(https:\/\/blue-rentacar.com\/wp-content\/uploads\/2020\/02\/terms-1536&#215;310-1.jpg?id=3182) !important;background-position: 0 0 !important;background-repeat: no-repeat !important;}&#8221;][vc_column][\/vc_column][\/vc_row][vc_row css=&#8221;.vc_custom_1557296905820{padding-right: 100px !important;padding-left: 100px !important;}&#8221;][vc_column][vc_column_text] Ara\u00e7 Kiralama Ko\u015fullar\u0131 Ehliyet &amp; S\u00fcr\u00fcc\u00fc Ya\u015f\u0131 S\u00fcr\u00fcc\u00fcler en az iki(2) senelik ge\u00e7erli, yerli veya uluslararas\u0131 ehliyet sahibi olmak zorundad\u0131r. Ekonomi ve Compact ara\u00e7lar i\u00e7in gerekli ya\u015f 23, standart ve daha \u00fcst gruplar [&hellip;]<\/p>\n","protected":false},"author":1,"featured_media":0,"parent":0,"menu_order":0,"comment_status":"closed","ping_status":"closed","template":"","meta":{"footnotes":""},"class_list":["post-3361","page","type-page","status-publish","hentry"],"aioseo_notices":[],"_links":{"self":[{"href":"https:\/\/blue-rentacar.com\/tr\/wp-json\/wp\/v2\/pages\/3361","targetHints":{"allow":["GET"]}}],"collection":[{"href":"https:\/\/blue-rentacar.com\/tr\/wp-json\/wp\/v2\/pages"}],"about":[{"href":"https:\/\/blue-rentacar.com\/tr\/wp-json\/wp\/v2\/types\/page"}],"author":[{"embeddable":true,"href":"https:\/\/blue-rentacar.com\/tr\/wp-json\/wp\/v2\/users\/1"}],"replies":[{"embeddable":true,"href":"https:\/\/blue-rentacar.com\/tr\/wp-json\/wp\/v2\/comments?post=3361"}],"version-history":[{"count":10,"href":"https:\/\/blue-rentacar.com\/tr\/wp-json\/wp\/v2\/pages\/3361\/revisions"}],"predecessor-version":[{"id":3425,"href":"https:\/\/blue-rentacar.com\/tr\/wp-json\/wp\/v2\/pages\/3361\/revisions\/3425"}],"wp:attachment":[{"href":"https:\/\/blue-rentacar.com\/tr\/wp-json\/wp\/v2\/media?parent=3361"}],"curies":[{"name":"wp","href":"https:\/\/api.w.org\/{rel}","templated":true}]}}