{"id":3371,"date":"2021-09-07T06:18:54","date_gmt":"2021-09-07T06:18:54","guid":{"rendered":"https:\/\/blue-rentacar.com\/iletisim\/"},"modified":"2021-09-07T06:33:41","modified_gmt":"2021-09-07T06:33:41","slug":"iletisim","status":"publish","type":"page","link":"https:\/\/blue-rentacar.com\/tr\/iletisim\/","title":{"rendered":"\u0130leti\u015fim"},"content":{"rendered":"<div class=\"wpb-content-wrapper\"><p>[vc_row css=&#8221;.vc_custom_1591134210381{padding-top: 25px !important;}&#8221;][vc_column width=&#8221;1\/2&#8243;][vc_gmaps link=&#8221;#E-8_JTNDaWZyYW1lJTIwc3JjJTNEJTIyaHR0cHMlM0ElMkYlMkZ3d3cuZ29vZ2xlLmNvbSUyRm1hcHMlMkZlbWJlZCUzRnBiJTNEJTIxMW0xNCUyMTFtOCUyMTFtMyUyMTFkMTI3MzkuNjYxMDA0NDUzODY4JTIxMmQyNy40MjI4NDIlMjEzZDM3LjAzNTY2NyUyMTNtMiUyMTFpMTAyNCUyMTJpNzY4JTIxNGYxMy4xJTIxM20zJTIxMW0yJTIxMXMweDAlMjUzQTB4Yjc3MjZlOTY5Y2NmMWRmYSUyMTJzQmx1ZSUyNTIwUmVudCUyNTIwQSUyNTIwQ2FyJTIxNWUwJTIxM20yJTIxMXN0ciUyMTJzdHIlMjE0djE1ODA0ODA5OTg4OTAlMjE1bTIlMjExc3RyJTIxMnN0ciUyMiUyMHdpZHRoJTNEJTIyNjM1JTIyJTIwaGVpZ2h0JTNEJTIyMzUwJTIyJTIwZnJhbWVib3JkZXIlM0QlMjIwJTIyJTIwc3R5bGUlM0QlMjJib3JkZXIlM0EwJTNCJTIyJTIwYWxsb3dmdWxsc2NyZWVuJTNEJTIyJTIyJTNFJTNDJTJGaWZyYW1lJTNF&#8221; size=&#8221;400px&#8221; css=&#8221;.vc_custom_1591134222522{margin-right: 50px !important;}&#8221;][\/vc_column][vc_column width=&#8221;1\/2&#8243;][vc_gmaps link=&#8221;#E-8_JTNDaWZyYW1lJTIwc3JjJTNEJTIyaHR0cHMlM0ElMkYlMkZ3d3cuZ29vZ2xlLmNvbSUyRm1hcHMlMkZlbWJlZCUzRnBiJTNEJTIxMW0xNCUyMTFtOCUyMTFtMyUyMTFkNjM1Mi4wMzU5NTAwODg5NTIlMjEyZDI3LjY2NDUwNzQ4NDEzMDg1NSUyMTNkMzcuMjQ3MjgwOTk0NzU2MzQ1JTIxM20yJTIxMWkxMDI0JTIxMmk3NjglMjE0ZjEzLjElMjEzbTMlMjExbTIlMjExczB4MCUyNTNBMHg5ODNiNjliNGQ4NGI2M2QyJTIxMnNNaWxhcy1Cb2RydW0lMjUyMEhhdmFhbGFuaSUyMTVlMCUyMTNtMiUyMTFzdHIlMjEyc3RyJTIxNHYxNTkxMTMzOTEwNzgyJTIxNW0yJTIxMXN0ciUyMTJzdHIlMjIlMjB3aWR0aCUzRCUyMjYwMCUyMiUyMGhlaWdodCUzRCUyMjQ1MCUyMiUyMGZyYW1lYm9yZGVyJTNEJTIyMCUyMiUyMHN0eWxlJTNEJTIyYm9yZGVyJTNBMCUzQiUyMiUyMGFsbG93ZnVsbHNjcmVlbiUzRCUyMiUyMiUyMGFyaWEtaGlkZGVuJTNEJTIyZmFsc2UlMjIlMjB0YWJpbmRleCUzRCUyMjAlMjIlM0UlM0MlMkZpZnJhbWUlM0U=&#8221; size=&#8221;400px&#8221; css=&#8221;.vc_custom_1591134227650{margin-right: 50px !important;}&#8221;][\/vc_column][\/vc_row][vc_row full_width=&#8221;stretch_row&#8221; full_height=&#8221;yes&#8221; equal_height=&#8221;yes&#8221; content_placement=&#8221;middle&#8221; el_id=&#8221;contact_us&#8221; css=&#8221;.vc_custom_1591134257682{padding-bottom: 25px !important;background-color: #f9f9f9 !important;}&#8221;][vc_column width=&#8221;1\/2&#8243; el_class=&#8221;contact_form&#8221; css=&#8221;.vc_custom_1520770810199{padding-right: 50px !important;}&#8221; offset=&#8221;vc_col-lg-6 vc_col-md-7&#8243;][vc_row_inner content_placement=&#8221;middle&#8221;][vc_column_inner width=&#8221;1\/4&#8243;][vc_icon icon_fontawesome=&#8221;fa fa-map-marker&#8221; color=&#8221;white&#8221; background_style=&#8221;rounded&#8221; background_color=&#8221;secondary_color_background&#8221; align=&#8221;center&#8221; css_animation=&#8221;flipInX&#8221; el_class=&#8221;contact_icon&#8221;][\/vc_column_inner][vc_column_inner width=&#8221;1\/4&#8243;][vc_column_text css=&#8221;.vc_custom_1630995589325{border-right-width: 1px !important;}&#8221;]<strong>Merkez<\/strong><br \/>\n<span class=\"LrzXr\">Tepecik Mah.<br \/>\nNeyzen Tevfik Cd. No:102 &#8211; 48400<br \/>\n<\/span><span class=\"LrzXr\">Bodrum\/Mu\u011fla<\/span>[\/vc_column_text][vc_column_text css=&#8221;.vc_custom_1630995595994{border-right-width: 1px !important;}&#8221;]<strong>\u015eube<\/strong><br \/>\nBodrum Havaliman\u0131[\/vc_column_text][\/vc_column_inner][vc_column_inner width=&#8221;1\/4&#8243;][vc_icon icon_fontawesome=&#8221;fa fa-phone&#8221; color=&#8221;white&#8221; background_style=&#8221;rounded&#8221; background_color=&#8221;secondary_color_background&#8221; align=&#8221;center&#8221; css_animation=&#8221;flipInX&#8221; el_class=&#8221;contact_icon&#8221;][\/vc_column_inner][vc_column_inner width=&#8221;1\/4&#8243;][vc_column_text css=&#8221;.vc_custom_1630995617562{border-right-width: 1px !important;padding-right: 0px !important;}&#8221;]<strong>Telefon<\/strong><br \/>\n+902523167060<br \/>\n+905326317389[\/vc_column_text][\/vc_column_inner][\/vc_row_inner][\/vc_column][vc_column width=&#8221;1\/2&#8243;]<div class=\"fancy-title align_left\"><h2 class=\"vc_underline_title vc_title\">Bize Yaz\u0131n<\/h2><div class=\"vc_underline secondary_color_background\"><\/div><\/div>[vc_column_text css=&#8221;.vc_custom_1630995712755{margin-bottom: 10px !important;}&#8221;]Daha fazla bilgi veya yard\u0131m almak i\u00e7in bize mesaj g\u00f6nderebilirsiniz.[\/vc_column_text]\n<div class=\"wpcf7 no-js\" id=\"wpcf7-f3376-o1\" lang=\"en-US\" dir=\"ltr\" data-wpcf7-id=\"3376\">\n<div class=\"screen-reader-response\"><p role=\"status\" aria-live=\"polite\" aria-atomic=\"true\"><\/p> <ul><\/ul><\/div>\n<form action=\"\/tr\/wp-json\/wp\/v2\/pages\/3371#wpcf7-f3376-o1\" method=\"post\" class=\"wpcf7-form init\" aria-label=\"Contact form\" novalidate=\"novalidate\" data-status=\"init\">\n<fieldset class=\"hidden-fields-container\"><input type=\"hidden\" name=\"_wpcf7\" value=\"3376\" \/><input type=\"hidden\" name=\"_wpcf7_version\" value=\"6.1.6\" \/><input type=\"hidden\" name=\"_wpcf7_locale\" value=\"en_US\" \/><input type=\"hidden\" name=\"_wpcf7_unit_tag\" value=\"wpcf7-f3376-o1\" \/><input type=\"hidden\" name=\"_wpcf7_container_post\" value=\"0\" \/><input type=\"hidden\" name=\"_wpcf7_posted_data_hash\" value=\"\" \/><input type=\"hidden\" name=\"_wpcf7_recaptcha_response\" value=\"\" \/>\n<\/fieldset>\n<div class=\"row\">\n <div class=\"col-sm-6\">\n  <span class=\"wpcf7-form-control-wrap\" data-name=\"your-name\"><input size=\"40\" maxlength=\"400\" class=\"wpcf7-form-control wpcf7-text wpcf7-validates-as-required\" aria-required=\"true\" aria-invalid=\"false\" placeholder=\"Ad Soyad\" value=\"\" type=\"text\" name=\"your-name\" \/><\/span>\n <\/div>\n <div class=\"col-sm-6\">\n  <span class=\"wpcf7-form-control-wrap\" data-name=\"your-email\"><input size=\"40\" maxlength=\"400\" class=\"wpcf7-form-control wpcf7-email wpcf7-validates-as-required wpcf7-text wpcf7-validates-as-email\" aria-required=\"true\" aria-invalid=\"false\" placeholder=\"Email\" value=\"\" type=\"email\" name=\"your-email\" \/><\/span>\n <\/div>\n <div class=\"col-sm-6\">\n  <span class=\"wpcf7-form-control-wrap\" data-name=\"your-tel\"><input size=\"40\" maxlength=\"400\" class=\"wpcf7-form-control wpcf7-tel wpcf7-text wpcf7-validates-as-tel\" aria-invalid=\"false\" value=\"Telefon\" type=\"tel\" name=\"your-tel\" \/><\/span>\n <\/div>\n <div class=\"col-sm-6\">\n <span class=\"wpcf7-form-control-wrap\" data-name=\"your-subject\"><input size=\"40\" maxlength=\"400\" class=\"wpcf7-form-control wpcf7-text\" aria-invalid=\"false\" placeholder=\"Konu\" value=\"\" type=\"text\" name=\"your-subject\" \/><\/span>\n <\/div>\n<\/div>\n<span class=\"wpcf7-form-control-wrap\" data-name=\"your-message\"><textarea cols=\"50\" rows=\"5\" maxlength=\"2000\" class=\"wpcf7-form-control wpcf7-textarea\" aria-invalid=\"false\" placeholder=\"Mesaj\u0131n\u0131z\" name=\"your-message\"><\/textarea><\/span>\n<input class=\"wpcf7-form-control wpcf7-submit has-spinner\" type=\"submit\" value=\"G\u00f6nder\" \/><p style=\"display: none !important;\" class=\"akismet-fields-container\" data-prefix=\"_wpcf7_ak_\"><label>&#916;<textarea name=\"_wpcf7_ak_hp_textarea\" cols=\"45\" rows=\"8\" maxlength=\"100\"><\/textarea><\/label><input type=\"hidden\" id=\"ak_js_1\" name=\"_wpcf7_ak_js\" value=\"219\"\/><script type=\"text\/javascript\">\n\/* <![CDATA[ *\/\ndocument.getElementById( \"ak_js_1\" ).setAttribute( \"value\", ( new Date() ).getTime() );\n\/* ]]> *\/\n<\/script>\n<\/p><div class=\"wpcf7-response-output\" aria-hidden=\"true\"><\/div>\n<\/form>\n<\/div>\n[\/vc_column][\/vc_row]<\/p>\n<\/div>","protected":false},"excerpt":{"rendered":"<p>[vc_row css=&#8221;.vc_custom_1591134210381{padding-top: 25px !important;}&#8221;][vc_column width=&#8221;1\/2&#8243;][vc_gmaps link=&#8221;#E-8_JTNDaWZyYW1lJTIwc3JjJTNEJTIyaHR0cHMlM0ElMkYlMkZ3d3cuZ29vZ2xlLmNvbSUyRm1hcHMlMkZlbWJlZCUzRnBiJTNEJTIxMW0xNCUyMTFtOCUyMTFtMyUyMTFkMTI3MzkuNjYxMDA0NDUzODY4JTIxMmQyNy40MjI4NDIlMjEzZDM3LjAzNTY2NyUyMTNtMiUyMTFpMTAyNCUyMTJpNzY4JTIxNGYxMy4xJTIxM20zJTIxMW0yJTIxMXMweDAlMjUzQTB4Yjc3MjZlOTY5Y2NmMWRmYSUyMTJzQmx1ZSUyNTIwUmVudCUyNTIwQSUyNTIwQ2FyJTIxNWUwJTIxM20yJTIxMXN0ciUyMTJzdHIlMjE0djE1ODA0ODA5OTg4OTAlMjE1bTIlMjExc3RyJTIxMnN0ciUyMiUyMHdpZHRoJTNEJTIyNjM1JTIyJTIwaGVpZ2h0JTNEJTIyMzUwJTIyJTIwZnJhbWVib3JkZXIlM0QlMjIwJTIyJTIwc3R5bGUlM0QlMjJib3JkZXIlM0EwJTNCJTIyJTIwYWxsb3dmdWxsc2NyZWVuJTNEJTIyJTIyJTNFJTNDJTJGaWZyYW1lJTNF&#8221; size=&#8221;400px&#8221; css=&#8221;.vc_custom_1591134222522{margin-right: 50px !important;}&#8221;][\/vc_column][vc_column width=&#8221;1\/2&#8243;][vc_gmaps link=&#8221;#E-8_JTNDaWZyYW1lJTIwc3JjJTNEJTIyaHR0cHMlM0ElMkYlMkZ3d3cuZ29vZ2xlLmNvbSUyRm1hcHMlMkZlbWJlZCUzRnBiJTNEJTIxMW0xNCUyMTFtOCUyMTFtMyUyMTFkNjM1Mi4wMzU5NTAwODg5NTIlMjEyZDI3LjY2NDUwNzQ4NDEzMDg1NSUyMTNkMzcuMjQ3MjgwOTk0NzU2MzQ1JTIxM20yJTIxMWkxMDI0JTIxMmk3NjglMjE0ZjEzLjElMjEzbTMlMjExbTIlMjExczB4MCUyNTNBMHg5ODNiNjliNGQ4NGI2M2QyJTIxMnNNaWxhcy1Cb2RydW0lMjUyMEhhdmFhbGFuaSUyMTVlMCUyMTNtMiUyMTFzdHIlMjEyc3RyJTIxNHYxNTkxMTMzOTEwNzgyJTIxNW0yJTIxMXN0ciUyMTJzdHIlMjIlMjB3aWR0aCUzRCUyMjYwMCUyMiUyMGhlaWdodCUzRCUyMjQ1MCUyMiUyMGZyYW1lYm9yZGVyJTNEJTIyMCUyMiUyMHN0eWxlJTNEJTIyYm9yZGVyJTNBMCUzQiUyMiUyMGFsbG93ZnVsbHNjcmVlbiUzRCUyMiUyMiUyMGFyaWEtaGlkZGVuJTNEJTIyZmFsc2UlMjIlMjB0YWJpbmRleCUzRCUyMjAlMjIlM0UlM0MlMkZpZnJhbWUlM0U=&#8221; size=&#8221;400px&#8221; css=&#8221;.vc_custom_1591134227650{margin-right: 50px !important;}&#8221;][\/vc_column][\/vc_row][vc_row full_width=&#8221;stretch_row&#8221; full_height=&#8221;yes&#8221; equal_height=&#8221;yes&#8221; content_placement=&#8221;middle&#8221; el_id=&#8221;contact_us&#8221; css=&#8221;.vc_custom_1591134257682{padding-bottom: 25px !important;background-color: #f9f9f9 !important;}&#8221;][vc_column width=&#8221;1\/2&#8243; el_class=&#8221;contact_form&#8221; css=&#8221;.vc_custom_1520770810199{padding-right: 50px !important;}&#8221; offset=&#8221;vc_col-lg-6 vc_col-md-7&#8243;][vc_row_inner content_placement=&#8221;middle&#8221;][vc_column_inner width=&#8221;1\/4&#8243;][vc_icon icon_fontawesome=&#8221;fa fa-map-marker&#8221; color=&#8221;white&#8221; background_style=&#8221;rounded&#8221; background_color=&#8221;secondary_color_background&#8221; align=&#8221;center&#8221; css_animation=&#8221;flipInX&#8221; el_class=&#8221;contact_icon&#8221;][\/vc_column_inner][vc_column_inner width=&#8221;1\/4&#8243;][vc_column_text css=&#8221;.vc_custom_1630995589325{border-right-width: 1px !important;}&#8221;]Merkez Tepecik Mah. Neyzen Tevfik Cd. No:102 &#8211; 48400 [&hellip;]<\/p>\n","protected":false},"author":1,"featured_media":0,"parent":0,"menu_order":0,"comment_status":"closed","ping_status":"closed","template":"homepage.php","meta":{"footnotes":""},"class_list":["post-3371","page","type-page","status-publish","hentry"],"aioseo_notices":[],"_links":{"self":[{"href":"https:\/\/blue-rentacar.com\/tr\/wp-json\/wp\/v2\/pages\/3371","targetHints":{"allow":["GET"]}}],"collection":[{"href":"https:\/\/blue-rentacar.com\/tr\/wp-json\/wp\/v2\/pages"}],"about":[{"href":"https:\/\/blue-rentacar.com\/tr\/wp-json\/wp\/v2\/types\/page"}],"author":[{"embeddable":true,"href":"https:\/\/blue-rentacar.com\/tr\/wp-json\/wp\/v2\/users\/1"}],"replies":[{"embeddable":true,"href":"https:\/\/blue-rentacar.com\/tr\/wp-json\/wp\/v2\/comments?post=3371"}],"version-history":[{"count":4,"href":"https:\/\/blue-rentacar.com\/tr\/wp-json\/wp\/v2\/pages\/3371\/revisions"}],"predecessor-version":[{"id":3377,"href":"https:\/\/blue-rentacar.com\/tr\/wp-json\/wp\/v2\/pages\/3371\/revisions\/3377"}],"wp:attachment":[{"href":"https:\/\/blue-rentacar.com\/tr\/wp-json\/wp\/v2\/media?parent=3371"}],"curies":[{"name":"wp","href":"https:\/\/api.w.org\/{rel}","templated":true}]}}