{"id":3379,"date":"2021-09-07T06:27:01","date_gmt":"2021-09-07T06:27:01","guid":{"rendered":"https:\/\/blue-rentacar.com\/hakkimizda\/"},"modified":"2024-04-03T21:12:40","modified_gmt":"2024-04-03T21:12:40","slug":"hakkimizda","status":"publish","type":"page","link":"https:\/\/blue-rentacar.com\/tr\/hakkimizda\/","title":{"rendered":"Hakk\u0131m\u0131zda"},"content":{"rendered":"<div class=\"wpb-content-wrapper\"><p>[vc_row full_width=&#8221;stretch_row_content_no_spaces&#8221; css=&#8221;.vc_custom_1557296802791{margin-top: -25px !important;}&#8221;][vc_column][vc_single_image image=&#8221;3139&#8243; img_size=&#8221;full&#8221;][\/vc_column][\/vc_row][vc_row css=&#8221;.vc_custom_1557296905820{padding-right: 100px !important;padding-left: 100px !important;}&#8221;][vc_column][vc_column_text]<strong>Hakk\u0131m\u0131zda<\/strong><\/p>\n<p>T\u00fcrkiye&#8217;nin incisi olarak adland\u0131r\u0131lan bu e\u015fsiz cennet kasabada, seyahatlerinizi m\u00fckemmelle\u015ftirmek ve unutulmaz an\u0131lar biriktirmeniz i\u00e7in buraday\u0131z. Blue Rent a Car, Bodrum&#8217;da uzun y\u0131llard\u0131r ara\u00e7 kiralama sekt\u00f6r\u00fcnde \u00f6nc\u00fc olarak hizmet vermektedir. Hem Bodrum Havaliman\u0131&#8217;nda hem de Bodrum merkezinde bulunan \u015fubelerimizle, m\u00fc\u015fterilerimize geni\u015f kapsaml\u0131 ve kaliteli hizmet sunmaktan gurur duyuyoruz.<\/p>\n<p>M\u00fc\u015fteri memnuniyeti, g\u00fcvenilirlik ve kalite ilkeleriyle hareket ederek, uzun y\u0131llar boyunca edindi\u011fimiz deneyimle, Bodrum&#8217;da ara\u00e7 kiralama konusunda g\u00fcvenilir bir marka olmay\u0131 ba\u015fard\u0131k. Her m\u00fc\u015fterimizin seyahat deneyimini en \u00fcst d\u00fczeye \u00e7\u0131karmak i\u00e7in \u00e7aba g\u00f6sterirken, en yeni ve bak\u0131ml\u0131 ara\u00e7lar\u0131m\u0131zla konforunuz i\u00e7in \u00e7al\u0131\u015f\u0131yoruz.<\/p>\n<p>Siz de\u011ferli m\u00fc\u015fterilerimizin g\u00fcvenini kazanmak ve Bodrum&#8217;un ke\u015ffedilmeyi bekleyen g\u00fczelliklerini sizlerle bulu\u015fturmak i\u00e7in buraday\u0131z. Blue Rent a Car olarak, her bir m\u00fc\u015fterimizin beklentilerini a\u015fmay\u0131 ve tatillerini daha keyifli hale getirmeyi ama\u00e7l\u0131yoruz.<\/p>\n<p><strong>Hizmetlerimiz<\/strong><\/p>\n<p>Blue Rent a Car, geni\u015f ara\u00e7 filosuyla her t\u00fcrl\u00fc seyahat ihtiyac\u0131n\u0131za cevap vermek i\u00e7in burada. Ekonomik s\u0131n\u0131ftan l\u00fcks s\u0131n\u0131fa kadar geni\u015f bir ara\u00e7 yelpazemiz bulunmaktad\u0131r. Ayr\u0131ca, uzun s\u00fcreli kiralama, \u015fof\u00f6rl\u00fc ara\u00e7 kiralama ve transfer hizmetleri gibi farkl\u0131 se\u00e7eneklerle, m\u00fc\u015fterilerimize \u00f6zel \u00e7\u00f6z\u00fcmler sunmaktay\u0131z.<\/p>\n<p>Bodrum Havaliman\u0131&#8217;nda ve merkezdeki \u015fubelerimizde, siz de\u011ferli m\u00fc\u015fterilerimize h\u0131zl\u0131 ve sorunsuz hizmet sunmak i\u00e7in her zaman haz\u0131r\u0131z. G\u00fcler y\u00fczl\u00fc ve deneyimli ekibimiz, her ad\u0131mda sizin yan\u0131n\u0131zda olacak ve seyahatinizi ba\u015ftan sona kadar kolayla\u015ft\u0131racakt\u0131r.<\/p>\n<p>Seyahat planlar\u0131n\u0131z\u0131 daha keyifli hale getirmek ve Bodrum&#8217;un t\u00fcm g\u00fczelliklerini ke\u015ffetmek i\u00e7in Blue Rent a Car olarak sizin yan\u0131n\u0131zday\u0131z. Bizi tercih etti\u011finiz i\u00e7in te\u015fekk\u00fcr ederiz.[\/vc_column_text][vc_single_image image=&#8221;3421&#8243; img_size=&#8221;full&#8221;][\/vc_column][\/vc_row]<\/p>\n<\/div>","protected":false},"excerpt":{"rendered":"<p>[vc_row full_width=&#8221;stretch_row_content_no_spaces&#8221; css=&#8221;.vc_custom_1557296802791{margin-top: -25px !important;}&#8221;][vc_column][vc_single_image image=&#8221;3139&#8243; img_size=&#8221;full&#8221;][\/vc_column][\/vc_row][vc_row css=&#8221;.vc_custom_1557296905820{padding-right: 100px !important;padding-left: 100px !important;}&#8221;][vc_column][vc_column_text]Hakk\u0131m\u0131zda T\u00fcrkiye&#8217;nin incisi olarak adland\u0131r\u0131lan bu e\u015fsiz cennet kasabada, seyahatlerinizi m\u00fckemmelle\u015ftirmek ve unutulmaz an\u0131lar biriktirmeniz i\u00e7in buraday\u0131z. Blue Rent a Car, Bodrum&#8217;da uzun y\u0131llard\u0131r ara\u00e7 kiralama sekt\u00f6r\u00fcnde \u00f6nc\u00fc olarak hizmet vermektedir. Hem Bodrum Havaliman\u0131&#8217;nda hem de Bodrum merkezinde bulunan \u015fubelerimizle, m\u00fc\u015fterilerimize geni\u015f kapsaml\u0131 ve [&hellip;]<\/p>\n","protected":false},"author":1,"featured_media":0,"parent":0,"menu_order":0,"comment_status":"closed","ping_status":"closed","template":"","meta":{"footnotes":""},"class_list":["post-3379","page","type-page","status-publish","hentry"],"aioseo_notices":[],"_links":{"self":[{"href":"https:\/\/blue-rentacar.com\/tr\/wp-json\/wp\/v2\/pages\/3379","targetHints":{"allow":["GET"]}}],"collection":[{"href":"https:\/\/blue-rentacar.com\/tr\/wp-json\/wp\/v2\/pages"}],"about":[{"href":"https:\/\/blue-rentacar.com\/tr\/wp-json\/wp\/v2\/types\/page"}],"author":[{"embeddable":true,"href":"https:\/\/blue-rentacar.com\/tr\/wp-json\/wp\/v2\/users\/1"}],"replies":[{"embeddable":true,"href":"https:\/\/blue-rentacar.com\/tr\/wp-json\/wp\/v2\/comments?post=3379"}],"version-history":[{"count":8,"href":"https:\/\/blue-rentacar.com\/tr\/wp-json\/wp\/v2\/pages\/3379\/revisions"}],"predecessor-version":[{"id":3454,"href":"https:\/\/blue-rentacar.com\/tr\/wp-json\/wp\/v2\/pages\/3379\/revisions\/3454"}],"wp:attachment":[{"href":"https:\/\/blue-rentacar.com\/tr\/wp-json\/wp\/v2\/media?parent=3379"}],"curies":[{"name":"wp","href":"https:\/\/api.w.org\/{rel}","templated":true}]}}